{"id":1198,"date":"2024-08-26T13:24:25","date_gmt":"2024-08-26T13:24:25","guid":{"rendered":"https:\/\/studio-broos.be\/contact\/"},"modified":"2025-03-26T09:50:13","modified_gmt":"2025-03-26T09:50:13","slug":"contact","status":"publish","type":"page","link":"https:\/\/studio-broos.be\/fr\/contact\/","title":{"rendered":"Contact"},"content":{"rendered":"\t\t<div data-elementor-type=\"wp-page\" data-elementor-id=\"1198\" class=\"elementor elementor-1198 elementor-319\" data-elementor-post-type=\"page\">\n\t\t\t\t<div class=\"elementor-element elementor-element-4ec53bf e-flex e-con-boxed e-con e-parent\" data-id=\"4ec53bf\" data-element_type=\"container\">\n\t\t\t\t\t<div class=\"e-con-inner\">\n\t\t<div class=\"elementor-element elementor-element-b76f187 e-con-full e-flex e-con e-child\" data-id=\"b76f187\" data-element_type=\"container\">\n\t\t<div class=\"elementor-element elementor-element-a2081da e-con-full e-flex e-con e-child\" data-id=\"a2081da\" data-element_type=\"container\">\n\t\t\t\t<div class=\"elementor-element elementor-element-e2beffe elementor-widget elementor-widget-heading\" data-id=\"e2beffe\" data-element_type=\"widget\" data-widget_type=\"heading.default\">\n\t\t\t\t<div class=\"elementor-widget-container\">\n\t\t\t<h1 class=\"elementor-heading-title elementor-size-default\">Contactez-nous<\/h1>\t\t<\/div>\n\t\t\t\t<\/div>\n\t\t\t\t<div class=\"elementor-element elementor-element-4f9f515 elementor-widget elementor-widget-text-editor\" data-id=\"4f9f515\" data-element_type=\"widget\" data-widget_type=\"text-editor.default\">\n\t\t\t\t<div class=\"elementor-widget-container\">\n\t\t\t\t\t\t\t<p>Vous avez des questions ?<br \/>Contactez-nous en remplissant le formulaire ci-dessous ou appelez-nous au <a href=\"tel:+32471292609\">0471 29 26 09<\/a> et nous nous ferons un plaisir de vous aider !<\/p>\t\t\t\t\t\t<\/div>\n\t\t\t\t<\/div>\n\t\t\t\t<div class=\"elementor-element elementor-element-b6681a2 elementor-widget elementor-widget-shortcode\" data-id=\"b6681a2\" data-element_type=\"widget\" data-widget_type=\"shortcode.default\">\n\t\t\t\t<div class=\"elementor-widget-container\">\n\t\t\t\t\t<div class=\"elementor-shortcode\"><div class=\"forminator-ui forminator-custom-form forminator-custom-form-1398 forminator-design--default forminator-custom forminator_ajax\" data-forminator-render=\"0\" data-form=\"forminator-module-1398\" data-uid=\"69f29cd250ec3\"><br\/><\/div><form\n\t\t\t\tid=\"forminator-module-1398\"\n\t\t\t\tclass=\"forminator-ui forminator-custom-form forminator-custom-form-1398 forminator-design--default forminator-custom forminator_ajax\"\n\t\t\t\tmethod=\"post\"\n\t\t\t\tdata-forminator-render=\"0\"\n\t\t\t\tdata-form-id=\"1398\"\n\t\t\t\t\n\t\t\t\tdata-design=\"default\"\n\t\t\t\t\n\t\t\t\t\n\t\t\t\t\n\t\t\t\tdata-grid=\"custom\"\n\t\t\t\t\n\t\t\t\t\n\t\t\t\tstyle=\"display: none;\"\n\t\t\t\t\n\t\t\t\tdata-uid=\"69f29cd250ec3\"\n\t\t\t><div role=\"alert\" aria-live=\"polite\" class=\"forminator-response-message forminator-error\" aria-hidden=\"true\"><\/div><div class=\"forminator-row\"><div id=\"name-2\" class=\"forminator-field-name forminator-col forminator-col-6 \"><div class=\"forminator-field\"><label for=\"forminator-field-name-2_69f29cd250ec3\" id=\"forminator-field-name-2_69f29cd250ec3-label\" class=\"forminator-label\">Nom<\/label><input type=\"text\" name=\"name-2\" value=\"\" placeholder=\"Nom\" id=\"forminator-field-name-2_69f29cd250ec3\" class=\"forminator-input forminator-name--field\" aria-required=\"false\" \/><\/div><\/div><div id=\"name-1\" class=\"forminator-field-name forminator-col forminator-col-6 \"><div class=\"forminator-field\"><label for=\"forminator-field-name-1_69f29cd250ec3\" id=\"forminator-field-name-1_69f29cd250ec3-label\" class=\"forminator-label\">Pr\u00e9nom <span class=\"forminator-required\">*<\/span><\/label><input type=\"text\" name=\"name-1\" value=\"\" placeholder=\"Pr\u00e9nom\" id=\"forminator-field-name-1_69f29cd250ec3\" class=\"forminator-input forminator-name--field\" aria-required=\"true\" \/><\/div><\/div><\/div><div class=\"forminator-row\"><div id=\"email-1\" class=\"forminator-field-email forminator-col forminator-col-6 \"><div class=\"forminator-field\"><label for=\"forminator-field-email-1_69f29cd250ec3\" id=\"forminator-field-email-1_69f29cd250ec3-label\" class=\"forminator-label\">Adresse e-mail <span class=\"forminator-required\">*<\/span><\/label><input type=\"email\" name=\"email-1\" value=\"\" placeholder=\"Adresse e-mail\" id=\"forminator-field-email-1_69f29cd250ec3\" class=\"forminator-input forminator-email--field\" data-required=\"true\" aria-required=\"true\" \/><\/div><\/div><div id=\"phone-1\" class=\"forminator-field-phone forminator-col forminator-col-6 \"><div class=\"forminator-field\"><label for=\"forminator-field-phone-1_69f29cd250ec3\" id=\"forminator-field-phone-1_69f29cd250ec3-label\" class=\"forminator-label\">Num\u00e9ro de t\u00e9l\u00e9phone<\/label><input type=\"text\" name=\"phone-1\" value=\"\" placeholder=\"Num\u00e9ro de t\u00e9l\u00e9phone\" id=\"forminator-field-phone-1_69f29cd250ec3\" class=\"forminator-input forminator-field--phone\" data-required=\"\" aria-required=\"false\" autocomplete=\"off\" \/><\/div><\/div><\/div><div class=\"forminator-row\"><div id=\"textarea-1\" class=\"forminator-field-textarea forminator-col forminator-col-12 \"><div class=\"forminator-field\"><label for=\"forminator-field-textarea-1_69f29cd250ec3\" id=\"forminator-field-textarea-1_69f29cd250ec3-label\" class=\"forminator-label\">Message <span class=\"forminator-required\">*<\/span><\/label><textarea name=\"textarea-1\" placeholder=\"Message\" id=\"forminator-field-textarea-1_69f29cd250ec3\" class=\"forminator-textarea\" rows=\"6\" style=\"min-height:140px;\" ><\/textarea><\/div><\/div><\/div><input type=\"hidden\" name=\"referer_url\" value=\"\" \/><div class=\"forminator-row forminator-row-last\"><div class=\"forminator-col\"><div class=\"forminator-field\"><button class=\"forminator-button forminator-button-submit\">Envoyer<\/button><\/div><\/div><\/div><input type=\"hidden\" id=\"forminator_nonce\" name=\"forminator_nonce\" value=\"1c2186cb36\" \/><input type=\"hidden\" name=\"_wp_http_referer\" value=\"\/fr\/wp-json\/wp\/v2\/pages\/1198\" \/><input type=\"hidden\" name=\"form_id\" value=\"1398\"><input type=\"hidden\" name=\"page_id\" value=\"1198\"><input type=\"hidden\" name=\"form_type\" value=\"default\"><input type=\"hidden\" name=\"current_url\" value=\"https:\/\/studio-broos.be\/fr\/contact\/\"><input type=\"hidden\" name=\"render_id\" value=\"0\"><input type=\"hidden\" name=\"action\" value=\"forminator_submit_form_custom-forms\"><\/form><\/div>\n\t\t\t\t<\/div>\n\t\t\t\t<\/div>\n\t\t\t\t<\/div>\n\t\t<div class=\"elementor-element elementor-element-cb1b7c0 e-con-full elementor-hidden-mobile e-flex e-con e-child\" data-id=\"cb1b7c0\" data-element_type=\"container\">\n\t\t\t\t<div class=\"elementor-element elementor-element-e5e3579 elementor-widget elementor-widget-image\" data-id=\"e5e3579\" data-element_type=\"widget\" data-widget_type=\"image.default\">\n\t\t\t\t<div class=\"elementor-widget-container\">\n\t\t\t\t\t\t\t\t\t\t\t\t\t<img fetchpriority=\"high\" decoding=\"async\" width=\"800\" height=\"568\" src=\"https:\/\/studio-broos.be\/wp-content\/uploads\/2024\/09\/studiobroos-background-contact.svg\" class=\"attachment-large size-large wp-image-577\" alt=\"\" \/>\t\t\t\t\t\t\t\t\t\t\t\t\t<\/div>\n\t\t\t\t<\/div>\n\t\t\t\t<\/div>\n\t\t\t\t<\/div>\n\t\t\t\t\t<\/div>\n\t\t\t\t<\/div>\n\t\t<div class=\"elementor-element elementor-element-f3777f4 e-con-full elementor-hidden-desktop e-flex e-con e-parent\" data-id=\"f3777f4\" data-element_type=\"container\">\n\t\t\t\t<div class=\"elementor-element elementor-element-26e62e1 elementor-widget elementor-widget-image\" data-id=\"26e62e1\" data-element_type=\"widget\" data-widget_type=\"image.default\">\n\t\t\t\t<div class=\"elementor-widget-container\">\n\t\t\t\t\t\t\t\t\t\t\t\t\t<img decoding=\"async\" width=\"1301\" height=\"923\" data-src=\"https:\/\/studio-broos.be\/wp-content\/uploads\/2024\/09\/studiobroos-background-contact.svg\" class=\"attachment-full size-full wp-image-577 lazyload\" alt=\"\" src=\"data:image\/gif;base64,R0lGODlhAQABAAAAACH5BAEKAAEALAAAAAABAAEAAAICTAEAOw==\" style=\"--smush-placeholder-width: 1301px; --smush-placeholder-aspect-ratio: 1301\/923;\" \/><noscript><img decoding=\"async\" width=\"1301\" height=\"923\" src=\"https:\/\/studio-broos.be\/wp-content\/uploads\/2024\/09\/studiobroos-background-contact.svg\" class=\"attachment-full size-full wp-image-577\" alt=\"\" \/><\/noscript>\t\t\t\t\t\t\t\t\t\t\t\t\t<\/div>\n\t\t\t\t<\/div>\n\t\t\t\t<\/div>\n\t\t<div class=\"elementor-element elementor-element-47c682e e-flex e-con-boxed e-con e-parent\" data-id=\"47c682e\" data-element_type=\"container\">\n\t\t\t\t\t<div class=\"e-con-inner\">\n\t\t<div class=\"elementor-element elementor-element-32ade0b e-con-full e-flex e-con e-child\" data-id=\"32ade0b\" data-element_type=\"container\">\n\t\t<div class=\"elementor-element elementor-element-7ab546c e-con-full e-flex e-con e-child\" data-id=\"7ab546c\" data-element_type=\"container\">\n\t\t\t\t<div class=\"elementor-element elementor-element-9a84fe4 elementor-widget elementor-widget-heading\" data-id=\"9a84fe4\" data-element_type=\"widget\" data-widget_type=\"heading.default\">\n\t\t\t\t<div class=\"elementor-widget-container\">\n\t\t\t<h2 class=\"elementor-heading-title elementor-size-default\">Heures d'ouverture magasin<\/h2>\t\t<\/div>\n\t\t\t\t<\/div>\n\t\t\t\t<div class=\"elementor-element elementor-element-b7491ed elementor-widget elementor-widget-text-editor\" data-id=\"b7491ed\" data-element_type=\"widget\" data-widget_type=\"text-editor.default\">\n\t\t\t\t<div class=\"elementor-widget-container\">\n\t\t\t\t\t\t\t<p>Ferm\u00e9 le lundi<br \/>Mardi &#8211; vendredi de 10h \u00e0 17h<br \/>Samedi de 10h \u00e0 16h<br \/>Dimanche de 10h \u00e0 12h<\/p>\t\t\t\t\t\t<\/div>\n\t\t\t\t<\/div>\n\t\t\t\t<div class=\"elementor-element elementor-element-40f6233 elementor-hidden-desktop elementor-hidden-tablet elementor-hidden-mobile elementor-widget elementor-widget-text-editor\" data-id=\"40f6233\" data-element_type=\"widget\" data-widget_type=\"text-editor.default\">\n\t\t\t\t<div class=\"elementor-widget-container\">\n\t\t\t\t\t\t\t<p>Nous sommes en vacances du<br \/>02\/09\/24 au 17\/08\/2024<\/p>\t\t\t\t\t\t<\/div>\n\t\t\t\t<\/div>\n\t\t\t\t<\/div>\n\t\t<div class=\"elementor-element elementor-element-73f9c39 e-con-full e-flex e-con e-child\" data-id=\"73f9c39\" data-element_type=\"container\">\n\t\t\t\t<div class=\"elementor-element elementor-element-dcd91b5 elementor-widget elementor-widget-heading\" data-id=\"dcd91b5\" data-element_type=\"widget\" data-widget_type=\"heading.default\">\n\t\t\t\t<div class=\"elementor-widget-container\">\n\t\t\t<h2 class=\"elementor-heading-title elementor-size-default\">Heures d'ouverture chariot \u00e0 glace <\/h2>\t\t<\/div>\n\t\t\t\t<\/div>\n\t\t\t\t<div class=\"elementor-element elementor-element-6e5ebfa elementor-widget elementor-widget-text-editor\" data-id=\"6e5ebfa\" data-element_type=\"widget\" data-widget_type=\"text-editor.default\">\n\t\t\t\t<div class=\"elementor-widget-container\">\n\t\t\t\t\t\t\t<p>Pendant les mois d&rsquo;\u00e9t\u00e9 notre chariot \u00e0 glace est ouvert ! <br \/>Tous les apr\u00e8s-midi de 13h30 \u00e0 17h45 (quand il fait beau et sec)<br \/>Ferm\u00e9 le lundi<\/p>\t\t\t\t\t\t<\/div>\n\t\t\t\t<\/div>\n\t\t\t\t<\/div>\n\t\t\t\t<\/div>\n\t\t\t\t\t<\/div>\n\t\t\t\t<\/div>\n\t\t\t\t<\/div>\n\t\t","protected":false},"excerpt":{"rendered":"<p>Contactez-nous Vous avez des questions ?Contactez-nous en remplissant le formulaire ci-dessous ou appelez-nous au 0471 29 26 09 et nous nous ferons un plaisir de vous aider ! Heures d&rsquo;ouverture magasin Ferm\u00e9 le lundiMardi &#8211; vendredi de 10h \u00e0 17hSamedi de 10h \u00e0 16hDimanche de 10h \u00e0 12h Nous sommes en vacances du02\/09\/24 au 17\/08\/2024 [&hellip;]<\/p>\n","protected":false},"author":1,"featured_media":0,"parent":0,"menu_order":0,"comment_status":"closed","ping_status":"closed","template":"","meta":{"footnotes":""},"class_list":["post-1198","page","type-page","status-publish","hentry"],"_links":{"self":[{"href":"https:\/\/studio-broos.be\/fr\/wp-json\/wp\/v2\/pages\/1198","targetHints":{"allow":["GET"]}}],"collection":[{"href":"https:\/\/studio-broos.be\/fr\/wp-json\/wp\/v2\/pages"}],"about":[{"href":"https:\/\/studio-broos.be\/fr\/wp-json\/wp\/v2\/types\/page"}],"author":[{"embeddable":true,"href":"https:\/\/studio-broos.be\/fr\/wp-json\/wp\/v2\/users\/1"}],"replies":[{"embeddable":true,"href":"https:\/\/studio-broos.be\/fr\/wp-json\/wp\/v2\/comments?post=1198"}],"version-history":[{"count":5,"href":"https:\/\/studio-broos.be\/fr\/wp-json\/wp\/v2\/pages\/1198\/revisions"}],"predecessor-version":[{"id":1534,"href":"https:\/\/studio-broos.be\/fr\/wp-json\/wp\/v2\/pages\/1198\/revisions\/1534"}],"wp:attachment":[{"href":"https:\/\/studio-broos.be\/fr\/wp-json\/wp\/v2\/media?parent=1198"}],"curies":[{"name":"wp","href":"https:\/\/api.w.org\/{rel}","templated":true}]}}